{"id":420,"date":"2023-09-13T07:47:55","date_gmt":"2023-09-13T07:47:55","guid":{"rendered":"https:\/\/arita.se\/activities\/restaurants-and-cafes\/"},"modified":"2023-09-22T08:14:35","modified_gmt":"2023-09-22T08:14:35","slug":"restaurants-and-cafes","status":"publish","type":"page","link":"https:\/\/www.arita.se\/en\/activities\/restaurants-and-cafes\/","title":{"rendered":"Restaurants and caf\u00e9s"},"content":{"rendered":"<div  class='flex_column av-7khj1-76bb918dfdc7003dbbc42fa96b1bf49c av_one_full  avia-builder-el-0  avia-builder-el-no-sibling  first flex_column_div  '     ><p>\n<style type=\"text\/css\" data-created_by=\"avia_inline_auto\" id=\"style-css-av-lmhfs8sx-696b9a71a8643394001cc4f054364763\">\n#top .av-special-heading.av-lmhfs8sx-696b9a71a8643394001cc4f054364763{\npadding-bottom:10px;\n}\nbody .av-special-heading.av-lmhfs8sx-696b9a71a8643394001cc4f054364763 .av-special-heading-tag .heading-char{\nfont-size:25px;\n}\n.av-special-heading.av-lmhfs8sx-696b9a71a8643394001cc4f054364763 .av-subheading{\nfont-size:15px;\n}\n<\/style>\n<div  class='av-special-heading av-lmhfs8sx-696b9a71a8643394001cc4f054364763 av-special-heading-h1 blockquote modern-quote  avia-builder-el-1  el_before_av_textblock  avia-builder-el-first '><h1 class='av-special-heading-tag'  itemprop=\"headline\"  >Restaurants and caf\u00e9s<\/h1><div class=\"special-heading-border\"><div class=\"special-heading-inner-border\"><\/div><\/div><\/div><br \/>\n<section  class='av_textblock_section av-lmhfy9h8-ed230291cd5f6c507637fc0cf2902f7d '   itemscope=\"itemscope\" itemtype=\"https:\/\/schema.org\/CreativeWork\" ><div class='avia_textblock'  itemprop=\"text\" ><p>Skaft\u00f6 offers several great restaurants for lunch and dinner. Starting from Lilla Stuver\u00f6d, you&#8217;ll find the lunch restaurant at Skaft\u00f6 Golf Club, R\u00e5g\u00e5rdsviks Pensionat, and Brygghuset nearby.<\/p>\n<\/div><\/section><br \/>\n<div  class='hr av-7jlw5-129d471ba889db75e40ea30681d8bfed hr-default  avia-builder-el-3  el_after_av_textblock  el_before_av_textblock '><span class='hr-inner '><span class=\"hr-inner-style\"><\/span><\/span><\/div><br \/>\n<section  class='av_textblock_section av-lmhfw0id-17bd8181647aa098b88e5c8b9f11a450 '   itemscope=\"itemscope\" itemtype=\"https:\/\/schema.org\/CreativeWork\" ><div class='avia_textblock'  itemprop=\"text\" ><h4>Pelle&#8217;s Smokehouse, Restaurant, and Caf\u00e9<\/h4>\n<p>We are located at the harbor entrance to Grundsund. You can easily reach us by boat or car. Here, you can enjoy a coffee, have lunch, buy ice cream for the kids, savor a dinner with good friends, purchase smoked fish and fresh seafood, cool off with a beer, or have a glass of wine while the sun sets over the North Sea. We are open from Easter. Please check the opening hours on our website. We also offer lobster and crayfish fishing as well as catering services year-round. Warmly welcome to &#8220;Pelle&#8217;s&#8221;!<\/p>\n<p><strong>Phone:<\/strong> +46523-212 74<br \/>\n<strong>E-mail:<\/strong> <a href=\"mailto:info@pellesrokeri.se\">info@pellesrokeri.se<\/a><br \/>\n<strong>Website:<\/strong> <a href=\"http:\/\/www.pellesrokeri.se\" target=\"_blank\" rel=\"noopener\">www.pellesrokeri.se<\/a><\/p>\n<h4>Smultron &amp; T\u00e5ng Restaurant\/Pub<\/h4>\n<p>Smultron &amp; T\u00e5ng is an authentic seafood restaurant located on the western quay in Grundsund. Fresh seafood and fish are always on our menu! Here, you can enjoy both the food and the sea. New! Pizza \u2013 you can also enjoy delicious Archipelago pizzas for takeout. We have 80 indoor seats, and when the weather permits, we set up an additional 80 seats on our cozy outdoor terraces. The restaurant is also available for weddings and other events! Welcome to us in Grundsund!<\/p>\n<p><strong>Phone:<\/strong> +46523-217 20<br \/>\n<strong>E-mail:<\/strong> <a href=\"mailto:info@smultrontang.se\">info@smultrontang.se<\/a><br \/>\n<strong>Website:<\/strong> <a href=\"http:\/\/www.smultrontang.se\" target=\"_blank\" rel=\"noopener\">www.smultrontang.se<\/a><\/p>\n<h4>Brygghuset Restaurant<\/h4>\n<p>Fiskeb\u00e4ckskil, on the opposite side of Gullmarn from Lysekil, is one of the most interesting places in Bohusl\u00e4n. Instead of fishing, shipping dominated here. It shows in the buildings and atmosphere, a bit larger, a bit more dignified, but still with the scent of salt, seaweed, and waves. Here lies Brygghuset, the archipelago restaurant for those who, like the cargo ships of old, demand a little more. In addition to our restaurant, we also offer lobster fishing and conference facilities. We are open in spring, summer, autumn, and during the Christmas season. For larger parties, we are open year-round.<\/p>\n<p><strong>Phone:<\/strong> +46523-222 22<br \/>\n<strong>Website:<\/strong> <a href=\"http:\/\/www.brygghuset-krog.com\" target=\"_blank\" rel=\"noopener\">www.brygghuset-krog.com<\/a><\/p>\n<\/div><\/section><\/p><\/div>\n","protected":false},"excerpt":{"rendered":"","protected":false},"author":1,"featured_media":0,"parent":378,"menu_order":0,"comment_status":"closed","ping_status":"closed","template":"","meta":{"footnotes":""},"class_list":["post-420","page","type-page","status-publish","hentry"],"_links":{"self":[{"href":"https:\/\/www.arita.se\/en\/wp-json\/wp\/v2\/pages\/420","targetHints":{"allow":["GET"]}}],"collection":[{"href":"https:\/\/www.arita.se\/en\/wp-json\/wp\/v2\/pages"}],"about":[{"href":"https:\/\/www.arita.se\/en\/wp-json\/wp\/v2\/types\/page"}],"author":[{"embeddable":true,"href":"https:\/\/www.arita.se\/en\/wp-json\/wp\/v2\/users\/1"}],"replies":[{"embeddable":true,"href":"https:\/\/www.arita.se\/en\/wp-json\/wp\/v2\/comments?post=420"}],"version-history":[{"count":3,"href":"https:\/\/www.arita.se\/en\/wp-json\/wp\/v2\/pages\/420\/revisions"}],"predecessor-version":[{"id":508,"href":"https:\/\/www.arita.se\/en\/wp-json\/wp\/v2\/pages\/420\/revisions\/508"}],"up":[{"embeddable":true,"href":"https:\/\/www.arita.se\/en\/wp-json\/wp\/v2\/pages\/378"}],"wp:attachment":[{"href":"https:\/\/www.arita.se\/en\/wp-json\/wp\/v2\/media?parent=420"}],"curies":[{"name":"wp","href":"https:\/\/api.w.org\/{rel}","templated":true}]}}