{"id":396,"date":"2023-09-13T07:15:35","date_gmt":"2023-09-13T07:15:35","guid":{"rendered":"https:\/\/arita.se\/activities\/biking-and-running\/"},"modified":"2023-09-22T08:11:38","modified_gmt":"2023-09-22T08:11:38","slug":"biking-and-running","status":"publish","type":"page","link":"https:\/\/www.arita.se\/en\/activities\/biking-and-running\/","title":{"rendered":"Biking and Running"},"content":{"rendered":"<div  class='flex_column av-awuuh-f574e0a9728e063669f3dc00697204b0 av_one_full  avia-builder-el-0  avia-builder-el-no-sibling  first flex_column_div  '     ><p>\n<style type=\"text\/css\" data-created_by=\"avia_inline_auto\" id=\"style-css-av-lmhel9vi-39679264018662bd828b551c4c9b046c\">\n#top .av-special-heading.av-lmhel9vi-39679264018662bd828b551c4c9b046c{\npadding-bottom:10px;\n}\nbody .av-special-heading.av-lmhel9vi-39679264018662bd828b551c4c9b046c .av-special-heading-tag .heading-char{\nfont-size:25px;\n}\n.av-special-heading.av-lmhel9vi-39679264018662bd828b551c4c9b046c .av-subheading{\nfont-size:15px;\n}\n<\/style>\n<div  class='av-special-heading av-lmhel9vi-39679264018662bd828b551c4c9b046c av-special-heading-h1 blockquote modern-quote  avia-builder-el-1  el_before_av_textblock  avia-builder-el-first '><h1 class='av-special-heading-tag'  itemprop=\"headline\"  >Biking and Running<\/h1><div class=\"special-heading-border\"><div class=\"special-heading-inner-border\"><\/div><\/div><\/div><br \/>\n<section  class='av_textblock_section av-lmhepkts-9516e75dae313bf63e38c640bd706ceb '   itemscope=\"itemscope\" itemtype=\"https:\/\/schema.org\/CreativeWork\" ><div class='avia_textblock'  itemprop=\"text\" ><p>In 2010, a new bicycle path was inaugurated on Skaft\u00f6, running between Fiskeb\u00e4ckskil and Ostersidan. Along this beautiful route that follows the shoreline of Gullmaren, you can travel from Lilla Stuver\u00f6d to the V\u00e4ger\u00f6ds Dalar nature reserve and the communities of Fiskeb\u00e4ckskil, Stockevik, Grundsund, and Ostersidan on car-free roads, with the exception of a 100-meter stretch. From Fiskeb\u00e4ckskil or Ostersidan, you can also take your bike on the passenger ferry Carl Wilhelmsson to Lysekil and cycle along the western waterfront promenade.<\/p>\n<p>Adjacent to the houses, there is a 1,000-meter running track. It&#8217;s also possible to run and walk on the local roads in the area.<\/p>\n<\/div><\/section><br \/>\n\n<style type=\"text\/css\" data-created_by=\"avia_inline_auto\" id=\"style-css-av-lmhepvmj-5b570843f229e99b0fc4673060d24e81\">\n#top .av-special-heading.av-lmhepvmj-5b570843f229e99b0fc4673060d24e81{\npadding-bottom:30px;\n}\nbody .av-special-heading.av-lmhepvmj-5b570843f229e99b0fc4673060d24e81 .av-special-heading-tag .heading-char{\nfont-size:25px;\n}\n.av-special-heading.av-lmhepvmj-5b570843f229e99b0fc4673060d24e81 .av-subheading{\nfont-size:15px;\n}\n<\/style>\n<div  class='av-special-heading av-lmhepvmj-5b570843f229e99b0fc4673060d24e81 av-special-heading-h2 blockquote modern-quote  avia-builder-el-3  el_after_av_textblock  el_before_av_textblock '><h2 class='av-special-heading-tag'  itemprop=\"headline\"  >Bike Rental<\/h2><div class=\"special-heading-border\"><div class=\"special-heading-inner-border\"><\/div><\/div><\/div><br \/>\n<section  class='av_textblock_section av-lmheq713-36c8d5c222bc8358b2be905cfd0faae3 '   itemscope=\"itemscope\" itemtype=\"https:\/\/schema.org\/CreativeWork\" ><div class='avia_textblock'  itemprop=\"text\" ><h4>KB Lyckans Slip<\/h4>\n<p>Fiskeb\u00e4ckskilsv\u00e4gen 28, 451 78 Fiskeb\u00e4ckskil<br \/>\nPhone: +46523-220 04<br \/>\n<a href=\"https:\/\/www.lyckansslip.se\/\" target=\"_blank\" rel=\"noopener\">www.lyckansslip.se<\/a><\/p>\n<h4>Skaft\u00f6 Vandrarhem<\/h4>\n<p>Alf\u00e5gelstigen 4, 45179 Grundsund<br \/>\nPhone: +46523-20406<br \/>\n<a href=\"http:\/\/www.skafto.se\/\" target=\"_blank\" rel=\"noopener\">www.skafto.se<\/a><\/p>\n<\/div><\/section><\/p><\/div>\n","protected":false},"excerpt":{"rendered":"","protected":false},"author":1,"featured_media":0,"parent":378,"menu_order":0,"comment_status":"closed","ping_status":"closed","template":"","meta":{"footnotes":""},"class_list":["post-396","page","type-page","status-publish","hentry"],"_links":{"self":[{"href":"https:\/\/www.arita.se\/en\/wp-json\/wp\/v2\/pages\/396","targetHints":{"allow":["GET"]}}],"collection":[{"href":"https:\/\/www.arita.se\/en\/wp-json\/wp\/v2\/pages"}],"about":[{"href":"https:\/\/www.arita.se\/en\/wp-json\/wp\/v2\/types\/page"}],"author":[{"embeddable":true,"href":"https:\/\/www.arita.se\/en\/wp-json\/wp\/v2\/users\/1"}],"replies":[{"embeddable":true,"href":"https:\/\/www.arita.se\/en\/wp-json\/wp\/v2\/comments?post=396"}],"version-history":[{"count":8,"href":"https:\/\/www.arita.se\/en\/wp-json\/wp\/v2\/pages\/396\/revisions"}],"predecessor-version":[{"id":500,"href":"https:\/\/www.arita.se\/en\/wp-json\/wp\/v2\/pages\/396\/revisions\/500"}],"up":[{"embeddable":true,"href":"https:\/\/www.arita.se\/en\/wp-json\/wp\/v2\/pages\/378"}],"wp:attachment":[{"href":"https:\/\/www.arita.se\/en\/wp-json\/wp\/v2\/media?parent=396"}],"curies":[{"name":"wp","href":"https:\/\/api.w.org\/{rel}","templated":true}]}}