{"id":390,"date":"2023-09-13T07:28:56","date_gmt":"2023-09-13T07:28:56","guid":{"rendered":"https:\/\/arita.se\/activities\/swimming\/"},"modified":"2023-09-22T06:02:36","modified_gmt":"2023-09-22T06:02:36","slug":"swimming","status":"publish","type":"page","link":"https:\/\/www.arita.se\/en\/activities\/swimming\/","title":{"rendered":"Swimming"},"content":{"rendered":"<div  class='flex_column av-hlus3-1079d0de08d3b0f3755bbd125bf25c49 av_one_full  avia-builder-el-0  el_before_av_one_full  avia-builder-el-first  first flex_column_div  '     ><p>\n<style type=\"text\/css\" data-created_by=\"avia_inline_auto\" id=\"style-css-av-lmhf4sia-302f142c93585292ae845ebdba46447b\">\n#top .av-special-heading.av-lmhf4sia-302f142c93585292ae845ebdba46447b{\npadding-bottom:10px;\n}\nbody .av-special-heading.av-lmhf4sia-302f142c93585292ae845ebdba46447b .av-special-heading-tag .heading-char{\nfont-size:25px;\n}\n.av-special-heading.av-lmhf4sia-302f142c93585292ae845ebdba46447b .av-subheading{\nfont-size:15px;\n}\n<\/style>\n<div  class='av-special-heading av-lmhf4sia-302f142c93585292ae845ebdba46447b av-special-heading-h1 blockquote modern-quote  avia-builder-el-1  el_before_av_textblock  avia-builder-el-first '><h1 class='av-special-heading-tag'  itemprop=\"headline\"  >Swimming<\/h1><div class=\"special-heading-border\"><div class=\"special-heading-inner-border\"><\/div><\/div><\/div><br \/>\n<section  class='av_textblock_section av-lmhf5jxa-270b5945284dc8bcafe8bb7f97ab7d2a '   itemscope=\"itemscope\" itemtype=\"https:\/\/schema.org\/CreativeWork\" ><div class='avia_textblock'  itemprop=\"text\" ><p>Our bathing spot is located 900 meters from our houses. It&#8217;s a sheltered bay, so the water temperature is always a bit higher.<\/p>\n<p>You can swim from the pier or wade in from the shore for the little ones.<\/p>\n<p>It&#8217;s also fun to catch crabs and then finish with a traditional crab race back into the water.<\/p>\n<p>You can also swim in the shallows from Stuver\u00f6d&#8217;s pier.<\/p>\n<p>All five communities on Skaft\u00f6 have well-maintained public bathing areas, with Fiskeb\u00e4ckskil and R\u00e5g\u00e5dsvik being the best options from Stuver\u00f6d.<\/p>\n<\/div><\/section><br \/>\n\n<style type=\"text\/css\" data-created_by=\"avia_inline_auto\" id=\"style-css-av-lmhf75hm-f59a4f776c2b31b172e1604bf2f6fc05\">\n#top .hr.hr-invisible.av-lmhf75hm-f59a4f776c2b31b172e1604bf2f6fc05{\nheight:20px;\n}\n<\/style>\n<div  class='hr av-lmhf75hm-f59a4f776c2b31b172e1604bf2f6fc05 hr-invisible  avia-builder-el-3  el_after_av_textblock  el_before_av_button '><span class='hr-inner '><span class=\"hr-inner-style\"><\/span><\/span><\/div><br \/>\n<div  class='avia-button-wrap av-lmhf6x3l-cb6ed8464849c2819bfc342ebce4e368-wrap avia-button-left  avia-builder-el-4  el_after_av_hr  avia-builder-el-last '><a href='https:\/\/skafto.com\/section.php?c=3' class='avia-button av-lmhf6x3l-cb6ed8464849c2819bfc342ebce4e368 avia-icon_select-no avia-size-large avia-position-left avia-color-theme-color' target=\"_blank\" rel=\"noopener noreferrer\"><span class='avia_iconbox_title' >More bathing spots (skafto.com)<\/span><\/a><\/div><\/p><\/div><div  class='flex_column av-84mtv-b62c3e3a8cceaca60de1d8f177f9dccc av_one_full  avia-builder-el-5  el_after_av_one_full  avia-builder-el-last  first flex_column_div  column-top-margin'     ><style type=\"text\/css\" data-created_by=\"avia_inline_auto\" id=\"style-css-av-lmhf7lt5-315ec2460ed7b33e449b98b7ac66f1ae\">\n.avia-image-container.av-lmhf7lt5-315ec2460ed7b33e449b98b7ac66f1ae img.avia_image{\nbox-shadow:none;\n}\n.avia-image-container.av-lmhf7lt5-315ec2460ed7b33e449b98b7ac66f1ae .av-image-caption-overlay-center{\ncolor:#ffffff;\n}\n<\/style>\n<div  class='avia-image-container av-lmhf7lt5-315ec2460ed7b33e449b98b7ac66f1ae av-styling- avia-align-center  avia-builder-el-6  avia-builder-el-no-sibling '   itemprop=\"image\" itemscope=\"itemscope\" itemtype=\"https:\/\/schema.org\/ImageObject\" ><div class=\"avia-image-container-inner\"><div class=\"avia-image-overlay-wrap\"><img decoding=\"async\" class='wp-image-275 avia-img-lazy-loading-not-275 avia_image ' src=\"https:\/\/www.arita.se\/wp-content\/uploads\/2023\/09\/Bryggorn.jpg\" alt='' title='Bryggorn'  height=\"576\" width=\"1024\"  itemprop=\"thumbnailUrl\" srcset=\"https:\/\/www.arita.se\/wp-content\/uploads\/2023\/09\/Bryggorn.jpg 1024w, https:\/\/www.arita.se\/wp-content\/uploads\/2023\/09\/Bryggorn-300x169.jpg 300w, https:\/\/www.arita.se\/wp-content\/uploads\/2023\/09\/Bryggorn-768x432.jpg 768w, https:\/\/www.arita.se\/wp-content\/uploads\/2023\/09\/Bryggorn-705x397.jpg 705w\" sizes=\"(max-width: 1024px) 100vw, 1024px\" \/><\/div><\/div><\/div><\/div><\/p>\n","protected":false},"excerpt":{"rendered":"","protected":false},"author":1,"featured_media":0,"parent":378,"menu_order":0,"comment_status":"closed","ping_status":"closed","template":"","meta":{"footnotes":""},"class_list":["post-390","page","type-page","status-publish","hentry"],"_links":{"self":[{"href":"https:\/\/www.arita.se\/en\/wp-json\/wp\/v2\/pages\/390","targetHints":{"allow":["GET"]}}],"collection":[{"href":"https:\/\/www.arita.se\/en\/wp-json\/wp\/v2\/pages"}],"about":[{"href":"https:\/\/www.arita.se\/en\/wp-json\/wp\/v2\/types\/page"}],"author":[{"embeddable":true,"href":"https:\/\/www.arita.se\/en\/wp-json\/wp\/v2\/users\/1"}],"replies":[{"embeddable":true,"href":"https:\/\/www.arita.se\/en\/wp-json\/wp\/v2\/comments?post=390"}],"version-history":[{"count":2,"href":"https:\/\/www.arita.se\/en\/wp-json\/wp\/v2\/pages\/390\/revisions"}],"predecessor-version":[{"id":392,"href":"https:\/\/www.arita.se\/en\/wp-json\/wp\/v2\/pages\/390\/revisions\/392"}],"up":[{"embeddable":true,"href":"https:\/\/www.arita.se\/en\/wp-json\/wp\/v2\/pages\/378"}],"wp:attachment":[{"href":"https:\/\/www.arita.se\/en\/wp-json\/wp\/v2\/media?parent=390"}],"curies":[{"name":"wp","href":"https:\/\/api.w.org\/{rel}","templated":true}]}}