{"id":471,"date":"2023-08-10T05:08:51","date_gmt":"2023-08-10T05:08:51","guid":{"rendered":"https:\/\/arita.se\/start\/"},"modified":"2023-09-22T08:27:10","modified_gmt":"2023-09-22T08:27:10","slug":"start","status":"publish","type":"page","link":"https:\/\/www.arita.se\/de\/","title":{"rendered":"Start"},"content":{"rendered":"<div id='full_slider_1'  class='avia-fullwidth-slider main_color avia-shadow   avia-builder-el-0  el_before_av_section  avia-builder-el-first   container_wrap sidebar_right'  ><div  class='avia-slideshow av-ll4rgst2-47ad6ad3937a45437cfaf423a7bf0db8 avia-slideshow-featured_large av_slideshow_full avia-slide-slider av-slideshow-ui av-control-default av-slideshow-manual av-loop-once av-loop-manual-endless av-default-height-applied   avia-slideshow-1' data-slideshow-options=\"{&quot;animation&quot;:&quot;slide&quot;,&quot;autoplay&quot;:false,&quot;loop_autoplay&quot;:&quot;once&quot;,&quot;interval&quot;:5,&quot;loop_manual&quot;:&quot;manual-endless&quot;,&quot;autoplay_stopper&quot;:false,&quot;noNavigation&quot;:false,&quot;bg_slider&quot;:false,&quot;keep_padding&quot;:false,&quot;hoverpause&quot;:false,&quot;show_slide_delay&quot;:0}\"  itemprop=\"image\" itemscope=\"itemscope\" itemtype=\"https:\/\/schema.org\/ImageObject\" ><ul class='avia-slideshow-inner ' style='padding-bottom: 42%;'><li  class='avia-slideshow-slide av-ll4rgst2-47ad6ad3937a45437cfaf423a7bf0db8__0  av-single-slide slide-1 slide-odd'><div data-rel='slideshow-1' class='avia-slide-wrap '   ><img decoding=\"async\" class=\"wp-image-278 avia-img-lazy-loading-not-278\"  src=\"https:\/\/www.arita.se\/wp-content\/uploads\/2023\/09\/20230422_163424-edited-e1695107494890-1500x630.jpg\" width=\"1500\" height=\"630\" title='20230422_163424-edited' alt=''  itemprop=\"thumbnailUrl\"  style='min-height:300px; min-width:715px; ' \/><\/div><\/li><\/ul><\/div><\/div>\n<div id='av_section_1'  class='avia-section av-1kv2y-23bc19d7109683ec7d4b3918d4bc2f05 main_color avia-section-large avia-no-border-styling  avia-builder-el-1  el_after_av_slideshow_full  el_before_av_section  avia-bg-style-scroll container_wrap sidebar_right'  ><div class='container av-section-cont-open' ><div class='template-page content  av-content-small alpha units'><div class='post-entry post-entry-type-page post-entry-471'><div class='entry-content-wrapper clearfix'>\n<div  class='flex_column av-14p4y-16d4a521c10dba4b712222a5094284bf av_one_full  avia-builder-el-2  avia-builder-el-no-sibling  first flex_column_div  '     ><p>\n<style type=\"text\/css\" data-created_by=\"avia_inline_auto\" id=\"style-css-av-ll4rl4iu-c04428469167cc33be2dec0478c52b2d\">\n#top .av-special-heading.av-ll4rl4iu-c04428469167cc33be2dec0478c52b2d{\npadding-bottom:10px;\n}\nbody .av-special-heading.av-ll4rl4iu-c04428469167cc33be2dec0478c52b2d .av-special-heading-tag .heading-char{\nfont-size:25px;\n}\n.av-special-heading.av-ll4rl4iu-c04428469167cc33be2dec0478c52b2d .av-subheading{\nfont-size:15px;\n}\n<\/style>\n<div  class='av-special-heading av-ll4rl4iu-c04428469167cc33be2dec0478c52b2d av-special-heading-h1 blockquote modern-quote  avia-builder-el-3  el_before_av_textblock  avia-builder-el-first '><h1 class='av-special-heading-tag'  itemprop=\"headline\"  >Willkommen auf dem Lilla Stuver\u00f6d-Hof auf Skaft\u00f6<\/h1><div class=\"special-heading-border\"><div class=\"special-heading-inner-border\"><\/div><\/div><\/div><br \/>\n\n<style type=\"text\/css\" data-created_by=\"avia_inline_auto\" id=\"style-css-av-ll4rm5sc-47da014aa10f6e8b01a412c415f47d59\">\n#top .av_textblock_section.av-ll4rm5sc-47da014aa10f6e8b01a412c415f47d59 .avia_textblock{\nfont-size:18px;\n}\n<\/style>\n<section  class='av_textblock_section av-ll4rm5sc-47da014aa10f6e8b01a412c415f47d59 '   itemscope=\"itemscope\" itemtype=\"https:\/\/schema.org\/CreativeWork\" ><div class='avia_textblock'  itemprop=\"text\" ><p>Hier befinden Sie sich mitten im Paradies mit einer fantastischen Natur direkt vor Ihrer T\u00fcr. Der Lilla Stuver\u00f6d-Hof ist ein Sch\u00e4renhof in einer gut erhaltenen landwirtschaftlichen Umgebung. Skaft\u00f6 ist die Insel mit den wundersch\u00f6nen Ortschaften Fiskeb\u00e4ckskil und Grundsund. Sie liegt zwischen dem dramatischen Islandsberg, den ruhigen Mal\u00f6str\u00f6mmar und G\u00e5s\u00f6 mit seinen roten Granitfelsen. Viele dieser Kulissen sind aus der TV-Serie &#8220;Salt\u00f6n&#8221; bekannt. Auf Lilla Stuver\u00f6d haben Sie einfache Zug\u00e4nge zu erfrischenden Badepl\u00e4tzen, Joggingstrecken, erstklassigen Radwegen, zwei Golfpl\u00e4tzen, gem\u00fctlichen Restaurants und vielem, vielem mehr.<\/p>\n<\/div><\/section><\/p><\/div><\/div><\/div><\/div><!-- close content main div --><\/div><\/div><div id='av_section_2'  class='avia-section av-ll4rn74b-17a92cb408979e0f834b9014a53ee6d3 alternate_color avia-section-large avia-no-border-styling  avia-builder-el-5  el_after_av_section  avia-builder-el-last  avia-bg-style-scroll container_wrap sidebar_right'  ><div class='container av-section-cont-open' ><div class='template-page content  av-content-small alpha units'><div class='post-entry post-entry-type-page post-entry-471'><div class='entry-content-wrapper clearfix'>\n<div  class='flex_column av-35mda-bffe3e0fca841e8b69038478b6b57daa av_one_full  avia-builder-el-6  el_before_av_one_half  avia-builder-el-first  first flex_column_div  '     ><style type=\"text\/css\" data-created_by=\"avia_inline_auto\" id=\"style-css-av-ll4rnj6w-320a2a858c848ac39ebf4563d60fba13\">\n#top .av-special-heading.av-ll4rnj6w-320a2a858c848ac39ebf4563d60fba13{\npadding-bottom:10px;\n}\nbody .av-special-heading.av-ll4rnj6w-320a2a858c848ac39ebf4563d60fba13 .av-special-heading-tag .heading-char{\nfont-size:25px;\n}\n.av-special-heading.av-ll4rnj6w-320a2a858c848ac39ebf4563d60fba13 .av-subheading{\nfont-size:15px;\n}\n<\/style>\n<div  class='av-special-heading av-ll4rnj6w-320a2a858c848ac39ebf4563d60fba13 av-special-heading-h2 blockquote modern-quote  avia-builder-el-7  avia-builder-el-no-sibling '><h2 class='av-special-heading-tag'  itemprop=\"headline\"  >Zwei Wohnh\u00e4user zur Vermietung verf\u00fcgbar<\/h2><div class=\"special-heading-border\"><div class=\"special-heading-inner-border\"><\/div><\/div><\/div><\/div>\n<style type=\"text\/css\" data-created_by=\"avia_inline_auto\" id=\"style-css-av-2mnqa-ee99175f1a261a2065d7f74880060b06\">\n.flex_column.av-2mnqa-ee99175f1a261a2065d7f74880060b06{\nwidth:48%;\nborder-width:1px;\nborder-color:#d8dee2;\nborder-style:solid;\nbackground-color:#ffffff;\n}\n<\/style>\n<div  class='flex_column av-2mnqa-ee99175f1a261a2065d7f74880060b06 av_one_half  avia-builder-el-8  el_after_av_one_full  el_before_av_one_half  first flex_column_div avia-link-column av-column-link avia-link-column-hover  column-top-margin'    data-link-column-url=\"https:\/\/www.arita.se\/hyra\/roda-huset\/\"   ><a class=\"av-screen-reader-only\" href=https:\/\/www.arita.se\/hyra\/roda-huset\/ >Link zu: R\u00f6da huset<\/a><br \/>\n<\/p><\/div>\n<style type=\"text\/css\" data-created_by=\"avia_inline_auto\" id=\"style-css-av-1uu16-8ed2e434f1ea629d4688606f0d7eef46\">\n.flex_column.av-1uu16-8ed2e434f1ea629d4688606f0d7eef46{\nwidth:48%;\nmargin-left:4%;\nborder-width:1px;\nborder-color:#d8dee2;\nborder-style:solid;\nbackground-color:#ffffff;\n}\n<\/style>\n<div  class='flex_column av-1uu16-8ed2e434f1ea629d4688606f0d7eef46 av_one_half  avia-builder-el-11  el_after_av_one_half  avia-builder-el-last  flex_column_div avia-link-column av-column-link avia-link-column-hover  column-top-margin'    data-link-column-url=\"https:\/\/www.arita.se\/hyra\/gula-huset\/\"   ><a class=\"av-screen-reader-only\" href=https:\/\/www.arita.se\/hyra\/gula-huset\/ >Link zu: Gula huset<\/a><br \/>\n<\/p><\/div>\n<\/div><\/div><\/div><!-- close content main div --><\/div><\/div><div id='after_section_2'  class='main_color av_default_container_wrap container_wrap sidebar_right'  ><div class='container av-section-cont-open' ><div class='template-page content  av-content-small alpha units'><div class='post-entry post-entry-type-page post-entry-471'><div class='entry-content-wrapper clearfix'><\/p>\n","protected":false},"excerpt":{"rendered":"","protected":false},"author":1,"featured_media":0,"parent":0,"menu_order":0,"comment_status":"closed","ping_status":"closed","template":"","meta":{"footnotes":""},"class_list":["post-471","page","type-page","status-publish","hentry"],"_links":{"self":[{"href":"https:\/\/www.arita.se\/de\/wp-json\/wp\/v2\/pages\/471","targetHints":{"allow":["GET"]}}],"collection":[{"href":"https:\/\/www.arita.se\/de\/wp-json\/wp\/v2\/pages"}],"about":[{"href":"https:\/\/www.arita.se\/de\/wp-json\/wp\/v2\/types\/page"}],"author":[{"embeddable":true,"href":"https:\/\/www.arita.se\/de\/wp-json\/wp\/v2\/users\/1"}],"replies":[{"embeddable":true,"href":"https:\/\/www.arita.se\/de\/wp-json\/wp\/v2\/comments?post=471"}],"version-history":[{"count":5,"href":"https:\/\/www.arita.se\/de\/wp-json\/wp\/v2\/pages\/471\/revisions"}],"predecessor-version":[{"id":547,"href":"https:\/\/www.arita.se\/de\/wp-json\/wp\/v2\/pages\/471\/revisions\/547"}],"wp:attachment":[{"href":"https:\/\/www.arita.se\/de\/wp-json\/wp\/v2\/media?parent=471"}],"curies":[{"name":"wp","href":"https:\/\/api.w.org\/{rel}","templated":true}]}}