{"id":441,"date":"2023-08-10T05:09:45","date_gmt":"2023-08-10T05:09:45","guid":{"rendered":"https:\/\/arita.se\/hof-lilla-stuveroed\/"},"modified":"2023-09-22T08:46:22","modified_gmt":"2023-09-22T08:46:22","slug":"hof-lilla-stuveroed","status":"publish","type":"page","link":"https:\/\/www.arita.se\/de\/hof-lilla-stuveroed\/","title":{"rendered":"Hof Lilla Stuver\u00f6d"},"content":{"rendered":"<div id='av_section_1'  class='avia-section av-lmhdy1a5-57c5186b10c87ed107f27785576ab6da main_color avia-section-large avia-no-border-styling  avia-builder-el-0  avia-builder-el-no-sibling  avia-bg-style-scroll container_wrap sidebar_right'  ><div class='container av-section-cont-open' ><main  role=\"main\" itemprop=\"mainContentOfPage\"  class='template-page content  av-content-small alpha units'><div class='post-entry post-entry-type-page post-entry-441'><div class='entry-content-wrapper clearfix'>\n<div  class='flex_column av-1mpg2-99c4575a90f85abdb47b5ff8e0910a83 av_three_fifth  avia-builder-el-1  el_before_av_two_fifth  avia-builder-el-first  first flex_column_div  '     ><p>\n<style type=\"text\/css\" data-created_by=\"avia_inline_auto\" id=\"style-css-av-lmhdyfsk-6710d0a4d9b650457364fbe345756754\">\n#top .av-special-heading.av-lmhdyfsk-6710d0a4d9b650457364fbe345756754{\npadding-bottom:10px;\n}\nbody .av-special-heading.av-lmhdyfsk-6710d0a4d9b650457364fbe345756754 .av-special-heading-tag .heading-char{\nfont-size:25px;\n}\n.av-special-heading.av-lmhdyfsk-6710d0a4d9b650457364fbe345756754 .av-subheading{\nfont-size:15px;\n}\n<\/style>\n<div  class='av-special-heading av-lmhdyfsk-6710d0a4d9b650457364fbe345756754 av-special-heading-h1 blockquote modern-quote  avia-builder-el-2  el_before_av_textblock  avia-builder-el-first '><h1 class='av-special-heading-tag'  itemprop=\"headline\"  >Hof Lilla Stuver\u00f6d<\/h1><div class=\"special-heading-border\"><div class=\"special-heading-inner-border\"><\/div><\/div><\/div><br \/>\n<section  class='av_textblock_section av-lmhdyne4-e3bbbcab830eb4cf970dd094dfc00d1b '   itemscope=\"itemscope\" itemtype=\"https:\/\/schema.org\/CreativeWork\" ><div class='avia_textblock'  itemprop=\"text\" ><p>Der Hof mit dem Namen Stuver\u00f6d wird zum ersten Mal in Bischof Eysteins Grundbuch von 1388 erw\u00e4hnt. Der Hof Lilla Stuver\u00f6d wurde wahrscheinlich als Unterabteilung des Dorfes Stuver\u00f6d w\u00e4hrend der Reformation in Norwegen im fr\u00fchen 15. Jahrhundert gebildet. Die Landwirtschaft, insbesondere w\u00e4hrend der Heringssaisons des 17. und 18. Jahrhunderts, sowie die Schifffahrt boten die Voraussetzungen f\u00fcr die Geb\u00e4ude, die heute auf dem Grundst\u00fcck stehen.<\/p>\n<p>Das wei\u00dfe Haus ist ein typisches Bohusl\u00e4n-Doppelhaus, urspr\u00fcnglich im Jahr 1830 erbaut, wurde aber 1910 im Schweizer Stil umgebaut und versetzt. Das gelbe Haus ist ein einfaches Bohusl\u00e4n-Einfamilienhaus mit Einrichtungselementen aus dem 17. Jahrhundert, das ebenfalls von einem fr\u00fcheren Standort weiter in den Gullmarsfjorden verlegt wurde. Das rote Haus diente zuvor als kombinierter Kutschenschuppen und Schweinestall und wurde 2007 in ein Wohnhaus umgebaut.<\/p>\n<p>Der Hof verf\u00fcgt auch \u00fcber eine kleine Schmiede und eine Scheune, wobei der \u00e4lteste Fachwerkteil aus dem 17. Jahrhundert stammt.<\/p>\n<p>In den Sommermonaten werden Salzwiesen und Weideland von 24 K\u00fchen mit K\u00e4lbern beweidet. Die K\u00fche sind von der Kreuzungsrasse Charolais und Simmental und werden als Kaprifolk-Fleisch verkauft, das ein Bio-Fleisch ist, bei dem die Tiere in nat\u00fcrlichen Weiden geweidet haben m\u00fcssen.<\/p>\n<p>Im 19. Jahrhundert wurde Lilla Stuver\u00f6d von Kapit\u00e4nen und Seeleuten besessen. Das letzte Schiff, das mit dem Hof in Verbindung stand, war die Brigantine Gerda. Sie segelte zwischen 1892 und 1911 mit Hafer, Kohle und Holz in der Nordsee und wurde von meinem Gro\u00dfvater Johan als Miteigent\u00fcmer gef\u00e4hrt.<\/p>\n<\/div><\/section><\/p><\/div><div  class='flex_column av-v4xi-723f7201d62134107e9222b72972c885 av_two_fifth  avia-builder-el-4  el_after_av_three_fifth  avia-builder-el-last  flex_column_div  '     ><p>\n<style type=\"text\/css\" data-created_by=\"avia_inline_auto\" id=\"style-css-av-lmq6b61f-dcecd7757cbe06db14b0de7126025e97\">\n.avia-image-container.av-lmq6b61f-dcecd7757cbe06db14b0de7126025e97 img.avia_image{\nbox-shadow:none;\n}\n.avia-image-container.av-lmq6b61f-dcecd7757cbe06db14b0de7126025e97 .av-image-caption-overlay-center{\ncolor:#ffffff;\n}\n<\/style>\n<div  class='avia-image-container av-lmq6b61f-dcecd7757cbe06db14b0de7126025e97 av-styling- avia-align-center  avia-builder-el-5  el_before_av_image  avia-builder-el-first '   itemprop=\"image\" itemscope=\"itemscope\" itemtype=\"https:\/\/schema.org\/ImageObject\" ><div class=\"avia-image-container-inner\"><div class=\"avia-image-overlay-wrap\"><img decoding=\"async\" class='wp-image-350 avia-img-lazy-loading-not-350 avia_image ' src=\"https:\/\/www.arita.se\/wp-content\/uploads\/2023\/09\/20230909_163244.jpg\" alt='' title='20230909_163244'  height=\"1200\" width=\"1600\"  itemprop=\"thumbnailUrl\" srcset=\"https:\/\/www.arita.se\/wp-content\/uploads\/2023\/09\/20230909_163244.jpg 1600w, https:\/\/www.arita.se\/wp-content\/uploads\/2023\/09\/20230909_163244-300x225.jpg 300w, https:\/\/www.arita.se\/wp-content\/uploads\/2023\/09\/20230909_163244-1030x773.jpg 1030w, https:\/\/www.arita.se\/wp-content\/uploads\/2023\/09\/20230909_163244-768x576.jpg 768w, https:\/\/www.arita.se\/wp-content\/uploads\/2023\/09\/20230909_163244-1536x1152.jpg 1536w, https:\/\/www.arita.se\/wp-content\/uploads\/2023\/09\/20230909_163244-1500x1125.jpg 1500w, https:\/\/www.arita.se\/wp-content\/uploads\/2023\/09\/20230909_163244-705x529.jpg 705w\" sizes=\"(max-width: 1600px) 100vw, 1600px\" \/><\/div><\/div><\/div><br \/>\n\n<style type=\"text\/css\" data-created_by=\"avia_inline_auto\" id=\"style-css-av-lmq6bo5u-d803c671cf36636fb8f882bd7aff6f7d\">\n.avia-image-container.av-lmq6bo5u-d803c671cf36636fb8f882bd7aff6f7d img.avia_image{\nbox-shadow:none;\n}\n.avia-image-container.av-lmq6bo5u-d803c671cf36636fb8f882bd7aff6f7d .av-image-caption-overlay-center{\ncolor:#ffffff;\n}\n<\/style>\n<div  class='avia-image-container av-lmq6bo5u-d803c671cf36636fb8f882bd7aff6f7d av-styling- avia-align-center  avia-builder-el-6  el_after_av_image  avia-builder-el-last '   itemprop=\"image\" itemscope=\"itemscope\" itemtype=\"https:\/\/schema.org\/ImageObject\" ><div class=\"avia-image-container-inner\"><div class=\"avia-image-overlay-wrap\"><img decoding=\"async\" class='wp-image-352 avia-img-lazy-loading-not-352 avia_image ' src=\"https:\/\/www.arita.se\/wp-content\/uploads\/2023\/09\/20230909_151202.jpg\" alt='' title='20230909_151202'  height=\"1200\" width=\"1600\"  itemprop=\"thumbnailUrl\" srcset=\"https:\/\/www.arita.se\/wp-content\/uploads\/2023\/09\/20230909_151202.jpg 1600w, https:\/\/www.arita.se\/wp-content\/uploads\/2023\/09\/20230909_151202-300x225.jpg 300w, https:\/\/www.arita.se\/wp-content\/uploads\/2023\/09\/20230909_151202-1030x773.jpg 1030w, https:\/\/www.arita.se\/wp-content\/uploads\/2023\/09\/20230909_151202-768x576.jpg 768w, https:\/\/www.arita.se\/wp-content\/uploads\/2023\/09\/20230909_151202-1536x1152.jpg 1536w, https:\/\/www.arita.se\/wp-content\/uploads\/2023\/09\/20230909_151202-1500x1125.jpg 1500w, https:\/\/www.arita.se\/wp-content\/uploads\/2023\/09\/20230909_151202-705x529.jpg 705w\" sizes=\"(max-width: 1600px) 100vw, 1600px\" \/><\/div><\/div><\/div><\/p><\/div><\/div><\/div><\/main><!-- close content main element --><\/div><\/div><div id='after_section_1'  class='main_color av_default_container_wrap container_wrap sidebar_right'  ><div class='container av-section-cont-open' ><div class='template-page content  av-content-small alpha units'><div class='post-entry post-entry-type-page post-entry-441'><div class='entry-content-wrapper clearfix'>\n","protected":false},"excerpt":{"rendered":"","protected":false},"author":1,"featured_media":0,"parent":0,"menu_order":0,"comment_status":"closed","ping_status":"closed","template":"","meta":{"footnotes":""},"class_list":["post-441","page","type-page","status-publish","hentry"],"_links":{"self":[{"href":"https:\/\/www.arita.se\/de\/wp-json\/wp\/v2\/pages\/441","targetHints":{"allow":["GET"]}}],"collection":[{"href":"https:\/\/www.arita.se\/de\/wp-json\/wp\/v2\/pages"}],"about":[{"href":"https:\/\/www.arita.se\/de\/wp-json\/wp\/v2\/types\/page"}],"author":[{"embeddable":true,"href":"https:\/\/www.arita.se\/de\/wp-json\/wp\/v2\/users\/1"}],"replies":[{"embeddable":true,"href":"https:\/\/www.arita.se\/de\/wp-json\/wp\/v2\/comments?post=441"}],"version-history":[{"count":4,"href":"https:\/\/www.arita.se\/de\/wp-json\/wp\/v2\/pages\/441\/revisions"}],"predecessor-version":[{"id":562,"href":"https:\/\/www.arita.se\/de\/wp-json\/wp\/v2\/pages\/441\/revisions\/562"}],"wp:attachment":[{"href":"https:\/\/www.arita.se\/de\/wp-json\/wp\/v2\/media?parent=441"}],"curies":[{"name":"wp","href":"https:\/\/api.w.org\/{rel}","templated":true}]}}