{"id":429,"date":"2023-09-13T07:43:05","date_gmt":"2023-09-13T07:43:05","guid":{"rendered":"https:\/\/arita.se\/aktivitaeten\/sehenswuertigkeiten\/"},"modified":"2023-09-22T08:44:14","modified_gmt":"2023-09-22T08:44:14","slug":"sehenswuertigkeiten","status":"publish","type":"page","link":"https:\/\/www.arita.se\/de\/aktivitaeten\/sehenswuertigkeiten\/","title":{"rendered":"Sehensw\u00fcrtigkeiten"},"content":{"rendered":"<div  class='flex_column av-pc5e-9ce73953e547a25b240e557272f71809 av_one_full  avia-builder-el-0  avia-builder-el-no-sibling  first flex_column_div  '     ><p>\n<style type=\"text\/css\" data-created_by=\"avia_inline_auto\" id=\"style-css-av-lmhfn9b2-31d871ea9b8dd57066e2c0a09d0d0d95\">\n#top .av-special-heading.av-lmhfn9b2-31d871ea9b8dd57066e2c0a09d0d0d95{\npadding-bottom:30px;\n}\nbody .av-special-heading.av-lmhfn9b2-31d871ea9b8dd57066e2c0a09d0d0d95 .av-special-heading-tag .heading-char{\nfont-size:25px;\n}\n.av-special-heading.av-lmhfn9b2-31d871ea9b8dd57066e2c0a09d0d0d95 .av-subheading{\nfont-size:15px;\n}\n<\/style>\n<div  class='av-special-heading av-lmhfn9b2-31d871ea9b8dd57066e2c0a09d0d0d95 av-special-heading-h1 blockquote modern-quote  avia-builder-el-1  el_before_av_textblock  avia-builder-el-first '><h1 class='av-special-heading-tag'  itemprop=\"headline\"  >Sehensw\u00fcrtigkeiten<\/h1><div class=\"special-heading-border\"><div class=\"special-heading-inner-border\"><\/div><\/div><\/div><br \/>\n<section  class='av_textblock_section av-lmhfpnqk-0fb7394d70ce9380c20c815d9a91ae8c '   itemscope=\"itemscope\" itemtype=\"https:\/\/schema.org\/CreativeWork\" ><div class='avia_textblock'  itemprop=\"text\" ><h4>Fiskeb\u00e4ckskil<\/h4>\n<p>Fiskeb\u00e4ckskil ist ein typisches Schifferdorf, das seine Bl\u00fctezeit in der zweiten H\u00e4lfte des 19. Jahrhunderts hatte. Die Kapit\u00e4nsh\u00e4user entlang der Kopfsteinpflasterstra\u00dfen sind noch immer majest\u00e4tisch, und heute gilt das idyllische Dorf als eines der \u00e4ltesten und am besten erhaltenen in Bohusl\u00e4n. Carl Wilhelmssons Atelier befindet sich am Badeplatz.<\/p>\n<h4>Grundsund<\/h4>\n<p>Grundsund ist das Hauptdorf, das an der westlichsten Spitze zur Nordsee hin liegt. H\u00fctten und H\u00e4user erstrecken sich vom Ufer in die Berge. Die Geschichte von Grundsund ist in erster Linie die Geschichte der Fischerei und war einst ein bedeutender Fischereihafen und Schifferdorf. Die Heringzeit im 18. Jahrhundert trug zur Entwicklung der Gemeinde bei. W\u00e4hrend des Ersten Weltkriegs wurde ein Kanal gegraben, der das Dorf in zwei Teile, den \u00d6stlichen und den westlichen Teil, teilt.<\/p>\n<h4>Islandsberg<\/h4>\n<p>Am westlichsten Ende von Skaft\u00f6 liegt der Leuchtturm Islandsberg. Der Wanderweg ist zwei Kilometer lang und bietet eine charakteristische Landschaft von Bohusl\u00e4n, ohne W\u00e4lder. Wenn Sie dort sind, haben Sie einen fantastischen Blick auf die Sch\u00e4ren.<\/p>\n<h4>Bassholmen<\/h4>\n<p>&#8220;Das Wasser flie\u00dft stark in der t\u00fcckischen Fahrrinne. Die Schiffe man\u00f6vrieren vorsichtig durch enge und kurvenreiche Passagen, um am Pier der Insel anlegen zu k\u00f6nnen. Pl\u00f6tzlich \u00f6ffnet es sich, und der Pier von Bassholmen ist da, zusammen mit dem Museum des Vereins Almogeb\u00e5tars und der Herberge im Hain. Unten auf der Wiese grasen Pferde und Schafe Seite an Seite in einer entz\u00fcckenden Harmonie. Die Sonne scheint, und eine sanfte Nachmittagsbrise macht Bassholmen genau zu dem Paradies, das nur Bassholmen sein kann.&#8221;<\/p>\n<\/div><\/section><\/p><\/div>\n","protected":false},"excerpt":{"rendered":"","protected":false},"author":1,"featured_media":0,"parent":381,"menu_order":0,"comment_status":"closed","ping_status":"closed","template":"","meta":{"footnotes":""},"class_list":["post-429","page","type-page","status-publish","hentry"],"_links":{"self":[{"href":"https:\/\/www.arita.se\/de\/wp-json\/wp\/v2\/pages\/429","targetHints":{"allow":["GET"]}}],"collection":[{"href":"https:\/\/www.arita.se\/de\/wp-json\/wp\/v2\/pages"}],"about":[{"href":"https:\/\/www.arita.se\/de\/wp-json\/wp\/v2\/types\/page"}],"author":[{"embeddable":true,"href":"https:\/\/www.arita.se\/de\/wp-json\/wp\/v2\/users\/1"}],"replies":[{"embeddable":true,"href":"https:\/\/www.arita.se\/de\/wp-json\/wp\/v2\/comments?post=429"}],"version-history":[{"count":3,"href":"https:\/\/www.arita.se\/de\/wp-json\/wp\/v2\/pages\/429\/revisions"}],"predecessor-version":[{"id":560,"href":"https:\/\/www.arita.se\/de\/wp-json\/wp\/v2\/pages\/429\/revisions\/560"}],"up":[{"embeddable":true,"href":"https:\/\/www.arita.se\/de\/wp-json\/wp\/v2\/pages\/381"}],"wp:attachment":[{"href":"https:\/\/www.arita.se\/de\/wp-json\/wp\/v2\/media?parent=429"}],"curies":[{"name":"wp","href":"https:\/\/api.w.org\/{rel}","templated":true}]}}