{"id":417,"date":"2023-09-13T07:56:18","date_gmt":"2023-09-13T07:56:18","guid":{"rendered":"https:\/\/arita.se\/aktivitaeten\/museum\/"},"modified":"2023-09-22T08:39:58","modified_gmt":"2023-09-22T08:39:58","slug":"museum","status":"publish","type":"page","link":"https:\/\/www.arita.se\/de\/aktivitaeten\/museum\/","title":{"rendered":"Museum"},"content":{"rendered":"<div  class='flex_column av-gkinm-d77573802f5e9baa57785fba2e738abf av_one_full  avia-builder-el-0  avia-builder-el-no-sibling  first flex_column_div  '     ><p>\n<style type=\"text\/css\" data-created_by=\"avia_inline_auto\" id=\"style-css-av-lmhg0qy0-7fc23b47e61a5ef429befa8a2cad1c97\">\n#top .av-special-heading.av-lmhg0qy0-7fc23b47e61a5ef429befa8a2cad1c97{\npadding-bottom:10px;\n}\nbody .av-special-heading.av-lmhg0qy0-7fc23b47e61a5ef429befa8a2cad1c97 .av-special-heading-tag .heading-char{\nfont-size:25px;\n}\n.av-special-heading.av-lmhg0qy0-7fc23b47e61a5ef429befa8a2cad1c97 .av-subheading{\nfont-size:15px;\n}\n<\/style>\n<div  class='av-special-heading av-lmhg0qy0-7fc23b47e61a5ef429befa8a2cad1c97 av-special-heading-h1 blockquote modern-quote  avia-builder-el-1  el_before_av_textblock  avia-builder-el-first '><h1 class='av-special-heading-tag'  itemprop=\"headline\"  >Museum<\/h1><div class=\"special-heading-border\"><div class=\"special-heading-inner-border\"><\/div><\/div><\/div><br \/>\n<section  class='av_textblock_section av-lmhg4n2m-8e9fdf6f8c199147c25e28c75d8638a0 '   itemscope=\"itemscope\" itemtype=\"https:\/\/schema.org\/CreativeWork\" ><div class='avia_textblock'  itemprop=\"text\" ><p>Interessiert an ein wenig Kultur? Wir haben viele interessante Museen in der N\u00e4he, wie zum Beispiel <a href=\"http:\/\/www.saltarvet.se\/\" target=\"_blank\" rel=\"noopener\">Saltarvet<\/a>, <a href=\"https:\/\/www.havetshus.se\/\" target=\"_blank\" rel=\"noopener\">Havets Hus<\/a>, <a href=\"https:\/\/nordensark.se\/\" target=\"_blank\" rel=\"noopener\">Nordens Ark<\/a>, das <a href=\"https:\/\/www.bohuslansmuseum.se\/\" target=\"_blank\" rel=\"noopener\">Bohusl\u00e4ns Museum<\/a> in Uddevalla und das <a href=\"https:\/\/www.akvarellmuseet.org\/\" target=\"_blank\" rel=\"noopener\">Nordische Aquarellmuseum<\/a> in Sk\u00e4rhamn.<\/p>\n<\/div><\/section><br \/>\n<div  class='hr av-b2cea-ef1c36e3bc598cf655d2b40c87f4714f hr-default  avia-builder-el-3  el_after_av_textblock  el_before_av_textblock '><span class='hr-inner '><span class=\"hr-inner-style\"><\/span><\/span><\/div><br \/>\n<section  class='av_textblock_section av-lmhg6v4x-5eb1a64869c61553d71916cc6322586e '   itemscope=\"itemscope\" itemtype=\"https:\/\/schema.org\/CreativeWork\" ><div class='avia_textblock'  itemprop=\"text\" ><h4>Saltarvet<\/h4>\n<p>Website: <a href=\"http:\/\/www.saltarvet.se\/\" target=\"_blank\" rel=\"noopener\">www.saltarvet.se<\/a><\/p>\n<p>M\u00f6wen plaudern \u00fcber N\u00e4he und Entfernung wie gefl\u00fcgelte Herren und Damen, die, wenn sie pl\u00f6tzlich die F\u00e4higkeit erlangt haben, hoch im Bohusl\u00e4n-Licht zu schweben, freudig ihre Geheimnisse \u00fcber der Erde teilen. Sie kichern und lachen im Einklang mit den zeitgen\u00e4ssischen Menschenmengen, die f\u00fcr einen Moment auf der n\u00e4chsten Veranda pausieren. Egal, wo Sie hier sind, das Licht triumphiert \u00fcber die Materie \u2013 frei und m\u00fchelos str\u00f6mt es in und aus renovierten Holzvillen und tr\u00e4umerischen Bootsh\u00e4usern.<\/p>\n<p>Ich frage mich, wenn ein Sturm k\u00e4me, w\u00fcrde dann nicht das st\u00e4ndig nahegelegene Wasser in einer rei\u00dfenden Welle Fiskeb\u00e4ckskil in ein schlankes U-Boot auf der Jagd in einem scheinbar endlos durchleuchteten Ozean verwandeln?<\/p>\n<p>Aber alles bleibt ruhig, denn so ist es gedacht. G\u00e4ste, in Wei\u00df gekleidet, auf Gesch\u00e4ftsreisen oder im Urlaub, f\u00fcgen sich nahtlos in die ebenso wei\u00dfen oder dezent farbigen Holzh\u00e4user im Landesinneren ein. Frieden herrscht hier. Auch wenn dieser Ort kaprizi\u00f6s seine verworrenen Stra\u00dfenfragmente hierhin und dorthin schiebt, \u00f6fter als die Stra\u00dfen in eine klare Richtung zu f\u00fchren, schiebt er wandernde Fremde auf Privatgrundst\u00fccke und in Sackgassen.<\/p>\n<p>Die H\u00e4user sind eng beieinander, als geh\u00e4rten sie zu einer Herde der Art Snickargl\u00e4dje. Die einst unschuldige Frau G\u00f6a, als Hexe zum Tode verurteilt, wandert sicherlich hier Tag und Nacht. Wie eine von mehreren Wiederkehrern aus der Vergangenheit \u00e4ndert sie ihren Aufenthaltsort in weltlichen Angelegenheiten wie Tag und Himmelsrichtung. Diese Verwirrung, in der man umherwandert, verlangsamt sowohl das Tempo des Gehens als auch des Denkens. Vielleicht ist das alles ein gut durchdachtes Gesellschaftsspiel, vor langer Zeit von jemandem erfunden, der von gew\u00f6hnlichem Krocket m\u00fcde war. In der bezaubernden Sch\u00f6nheit zu wandern, ist die einzige m\u00f6gliche Aktivit\u00e4t an diesem Ort. Nur diejenigen, die entschlossen genug sind, sich unersch\u00fctterlich an den Weg des Kapit\u00e4ns zu halten, k\u00f6nnen vorankommen \u2013 gerade und scharf wie der Rand einer Kr\u00e4hen. Die Stra\u00dfe f\u00fchrt hinunter zu Lyckans Slip und einem Friedhof, der ordentlich gepflegt und still ruht. Unter dem gut gek\u00e4mmten Kies liegen die Toten in ihrer besten &#8220;Ausgehkleidung&#8221; mit gefalteten H\u00e4nden. Vielleicht verbirgt einer von ihnen einen gl\u00e4nzenden Hering in der dunklen Rundung ihrer H\u00e4nde \u2013 eine silberne Erinnerung an eine Zeit, als die Fische ununterbrochen schw\u00e4rmten.<\/p>\n<p>In blassblau-grau, solide gebaut wie ein Schiff und fein abgestimmt wie eine Bodenuhr aus einem Shaker-Haus, liegt Saltarvet etwas weiter entfernt. Umgeben von den Blumen, die ihren Namen tragen, auf einer Wiese ohne verschw\u00f6rerische Ansammlungen von H\u00e4usern, steht die Kunsthalle auf ein Schiff, halb im Traum an der Grenze zwischen Land und Wasser. Hier scheint der Boden in seinem fr\u00fchlinghaften Braun zu necken. Ein ausgebreiteter Mantel, ein feuchter Schatten? Vielleicht dient es als Br\u00fccke, vielleicht nicht. Wenn sich Saltarvet in blassrot entfaltet, wird ein Platz f\u00fcr diejenigen markiert, die nach konzentriertem Licht, funkelnden Schwei\u00dfflecken und unvollendeten Geschichten verlangen.<\/p>\n<p>Im Eingang der Kunsthalle steht ein kleiner Verkaufsstand, der an den Rumpf eines vor langer Zeit verlorenen Schiffes erinnert und nun kurz davor ist, auseinanderzufallen. Die Seiten gleiten auseinander und treiben davon.<\/p>\n<p>Das Zentrum des Geb\u00e4udes ist ein gro\u00dfer Raum mit einer einladenden \u00d6ffnung im Dach, die sowohl das wechselnde Licht der Jahreszeiten aufnimmt als auch abgibt. In der Halle hat nun eine dauerhafte Kunstausstellung Platz gefunden.<\/p>\n<p>Alles wartet, denn so ist es gedacht. Selbst der Frieden muss eine Pause einlegen.<\/p>\n<p>TEXT: EVA RUNEFELT<\/p>\n<h4>Havets Hus (Haus des Meeres)<\/h4>\n<p>Das Meer und sein marines Leben wecken Bewunderung und Staunen bei vielen Menschen. Einige Tiere haben wundersch\u00f6ne Farben, andere wechseln ihr Geschlecht, und einige haben Z\u00e4hne im Magen. Im Havets Hus finden Sie \u00fcber 100 faszinierende Arten, von gefleckten Hundshaien bis hin zu einer toten Mannshand auf allesamt heimisch in den Gew\u00e4ssern der Westk\u00fcste oder zu Besuch. Das Aquarium bietet viele aufregende Erlebnisse. Die Reise beginnt am Strandbereich und f\u00fchrt durch verschiedene marine Lebensr\u00e4ume, bis hin zu den tiefen Meeresb\u00f6den. Sie k\u00f6nnen Seesterne und Einsiedlerkrebse in Ber\u00fchrungstanks ber\u00fchren, spielerisch in der Havets Hus Beach School lernen, von einer gef\u00fchrten Tour inspiriert werden, Tauchern beim F\u00fcttern der Tiere zusehen und an verschiedenen Thementagen teilnehmen. Das Angebot an Aktivit\u00e4ten variiert im Laufe des Jahres.<\/p>\n<p>Havets Hus beherbergt insgesamt 40 Aquarien. Vom gr\u00f6\u00dften, einem Tunnelaquarium mit 140.000 Litern Salzwasser, bis zu den kleinsten mit 70 Litern. Im Tunnelaquarium k\u00f6nnen Sie trockenen Fu\u00dfes zwischen Dornhaien, Dorschen, Aalen und mehr hindurchgehen, umgeben von Wasser.<\/p>\n<p>Sie k\u00f6nnen im Theater vor dem zylindrischen Tank sitzen und sich von dem marinen Leben fesseln lassen, das durch das gro\u00dfe Acrylglasfenster gezeigt wird. Das Theater wird mehrmals t\u00e4glich zum Kino, wenn kurze Filme zur marinen Biologie gezeigt werden.<\/p>\n<\/div><\/section><\/p><\/div>\n","protected":false},"excerpt":{"rendered":"","protected":false},"author":1,"featured_media":0,"parent":381,"menu_order":0,"comment_status":"closed","ping_status":"closed","template":"","meta":{"footnotes":""},"class_list":["post-417","page","type-page","status-publish","hentry"],"_links":{"self":[{"href":"https:\/\/www.arita.se\/de\/wp-json\/wp\/v2\/pages\/417","targetHints":{"allow":["GET"]}}],"collection":[{"href":"https:\/\/www.arita.se\/de\/wp-json\/wp\/v2\/pages"}],"about":[{"href":"https:\/\/www.arita.se\/de\/wp-json\/wp\/v2\/types\/page"}],"author":[{"embeddable":true,"href":"https:\/\/www.arita.se\/de\/wp-json\/wp\/v2\/users\/1"}],"replies":[{"embeddable":true,"href":"https:\/\/www.arita.se\/de\/wp-json\/wp\/v2\/comments?post=417"}],"version-history":[{"count":3,"href":"https:\/\/www.arita.se\/de\/wp-json\/wp\/v2\/pages\/417\/revisions"}],"predecessor-version":[{"id":556,"href":"https:\/\/www.arita.se\/de\/wp-json\/wp\/v2\/pages\/417\/revisions\/556"}],"up":[{"embeddable":true,"href":"https:\/\/www.arita.se\/de\/wp-json\/wp\/v2\/pages\/381"}],"wp:attachment":[{"href":"https:\/\/www.arita.se\/de\/wp-json\/wp\/v2\/media?parent=417"}],"curies":[{"name":"wp","href":"https:\/\/api.w.org\/{rel}","templated":true}]}}