{"id":411,"date":"2023-09-13T07:22:44","date_gmt":"2023-09-13T07:22:44","guid":{"rendered":"https:\/\/arita.se\/aktivitaeten\/golf\/"},"modified":"2023-09-22T08:35:59","modified_gmt":"2023-09-22T08:35:59","slug":"golf","status":"publish","type":"page","link":"https:\/\/www.arita.se\/de\/aktivitaeten\/golf\/","title":{"rendered":"Golf"},"content":{"rendered":"<div  class='flex_column av-7u71w-2c78145c6e43b0e4a6ae5f2853193d12 av_one_full  avia-builder-el-0  avia-builder-el-no-sibling  first flex_column_div  '     ><p>\n<style type=\"text\/css\" data-created_by=\"avia_inline_auto\" id=\"style-css-av-lmheyhhx-ebf52a3fc823e052618a546fa6c9c158\">\n#top .av-special-heading.av-lmheyhhx-ebf52a3fc823e052618a546fa6c9c158{\npadding-bottom:30px;\n}\nbody .av-special-heading.av-lmheyhhx-ebf52a3fc823e052618a546fa6c9c158 .av-special-heading-tag .heading-char{\nfont-size:25px;\n}\n.av-special-heading.av-lmheyhhx-ebf52a3fc823e052618a546fa6c9c158 .av-subheading{\nfont-size:15px;\n}\n<\/style>\n<div  class='av-special-heading av-lmheyhhx-ebf52a3fc823e052618a546fa6c9c158 av-special-heading-h1 blockquote modern-quote  avia-builder-el-1  el_before_av_textblock  avia-builder-el-first '><h1 class='av-special-heading-tag'  itemprop=\"headline\"  >Golf<\/h1><div class=\"special-heading-border\"><div class=\"special-heading-inner-border\"><\/div><\/div><\/div><br \/>\n<section  class='av_textblock_section av-lmhezltl-b9223499cfc06ed3dc2fcdc4dae5ef18 '   itemscope=\"itemscope\" itemtype=\"https:\/\/schema.org\/CreativeWork\" ><div class='avia_textblock'  itemprop=\"text\" ><h4>Skaft\u00f6 Golf Club<\/h4>\n<p>Etwa 1,5 km von Lilla Stuver\u00f6d entfernt befindet sich der Skaft\u00f6 Golf Club.<br \/>\nWillkommen auf einem leicht h\u00fcgeligen und landschaftlich reizvollen Platz mit Blick auf Klippen und das Meer. Der Platz hat einen technischen Charakter, mit L\u00e4chern, die sich wie trockengelegte Wasserwege zwischen den Felsen winden. Erstmalige Spieler wissen nie so recht, was hinter der n\u00e4chsten Ecke wartet. Der Platz erfordert Aufmerksamkeit auf die Windrichtung und das Spielen mit seidenen Handschuhen. Wenn Sie das wilde Tier in Ihnen nicht gez\u00e4hmt haben, k\u00f6nnte es ein paar zus\u00e4tzliche Schl\u00e4ge kosten. Ein strategisches und gerades Spiel zahlt sich also aus, und langschlagende Spieler k\u00f6nnen den Driver f\u00fcr die L\u00f6cher 2, 8, 11, 16 und 18 reservieren und dazwischen zuverl\u00e4ssigere Schl\u00e4ger w\u00e4hlen. Der Club verf\u00fcgt auch \u00fcber ein angenehmes Mittagsrestaurant.<br \/>\n<a href=\"http:\/\/www.skaftogk.se\" target=\"_blank\" rel=\"noopener\">www.skaftogk.se<\/a><\/p>\n<h4>N\u00e4reby Pay &amp; Play<\/h4>\n<p>Etwa 3 km von Lilla Stuver\u00f6d entfernt befindet sich der N\u00e4reby Golfplatz. Der Golfplatz besteht aus 9 L\u00f6chern mit unterschiedlichen L\u00e4ngen von 94m bis 277m. Er verf\u00fcgt \u00fcber modern angelegte Gr\u00fcns nach den USGA-Standards und bietet ein angenehmes und unterhaltsames Golferlebnis. Eine Mitgliedschaft oder eine Platzreife ist nicht erforderlich, um auf diesem Platz zu spielen, was ihn f\u00fcr alle Golfer zug\u00e4nglich macht. Der Platz eignet sich auch f\u00fcr Spieler mit niedrigem Handicap. Schl\u00e4ger, Taschen und Golfwagen sind zum Mieten verf\u00fcgbar, aber es ist ratsam, vorher anzurufen. Im N\u00e4reby Pay &amp; Play ist keine Startzeitenreservierung erforderlich; Sie k\u00f6nnen Golf spielen, wenn es Ihnen passt. Der Golfplatz ist t\u00e4glich ge\u00f6ffnet.<br \/>\n<a href=\"http:\/\/www.narebygolfbana.se\/\" target=\"_blank\" rel=\"noopener\">www.narebygolfbana.se<\/a><\/p>\n<\/div><\/section><\/p><\/div>\n","protected":false},"excerpt":{"rendered":"","protected":false},"author":1,"featured_media":0,"parent":381,"menu_order":0,"comment_status":"closed","ping_status":"closed","template":"","meta":{"footnotes":""},"class_list":["post-411","page","type-page","status-publish","hentry"],"_links":{"self":[{"href":"https:\/\/www.arita.se\/de\/wp-json\/wp\/v2\/pages\/411","targetHints":{"allow":["GET"]}}],"collection":[{"href":"https:\/\/www.arita.se\/de\/wp-json\/wp\/v2\/pages"}],"about":[{"href":"https:\/\/www.arita.se\/de\/wp-json\/wp\/v2\/types\/page"}],"author":[{"embeddable":true,"href":"https:\/\/www.arita.se\/de\/wp-json\/wp\/v2\/users\/1"}],"replies":[{"embeddable":true,"href":"https:\/\/www.arita.se\/de\/wp-json\/wp\/v2\/comments?post=411"}],"version-history":[{"count":4,"href":"https:\/\/www.arita.se\/de\/wp-json\/wp\/v2\/pages\/411\/revisions"}],"predecessor-version":[{"id":555,"href":"https:\/\/www.arita.se\/de\/wp-json\/wp\/v2\/pages\/411\/revisions\/555"}],"up":[{"embeddable":true,"href":"https:\/\/www.arita.se\/de\/wp-json\/wp\/v2\/pages\/381"}],"wp:attachment":[{"href":"https:\/\/www.arita.se\/de\/wp-json\/wp\/v2\/media?parent=411"}],"curies":[{"name":"wp","href":"https:\/\/api.w.org\/{rel}","templated":true}]}}