{"id":393,"date":"2023-09-13T07:28:56","date_gmt":"2023-09-13T07:28:56","guid":{"rendered":"https:\/\/arita.se\/aktivitaeten\/schwimmen\/"},"modified":"2023-09-22T08:43:06","modified_gmt":"2023-09-22T08:43:06","slug":"schwimmen","status":"publish","type":"page","link":"https:\/\/www.arita.se\/de\/aktivitaeten\/schwimmen\/","title":{"rendered":"Schwimmen"},"content":{"rendered":"<div  class='flex_column av-hlus3-1079d0de08d3b0f3755bbd125bf25c49 av_one_full  avia-builder-el-0  el_before_av_one_full  avia-builder-el-first  first flex_column_div  '     ><p>\n<style type=\"text\/css\" data-created_by=\"avia_inline_auto\" id=\"style-css-av-lmhf4sia-bfefa873073059dc500a149ba378c0d2\">\n#top .av-special-heading.av-lmhf4sia-bfefa873073059dc500a149ba378c0d2{\npadding-bottom:10px;\n}\nbody .av-special-heading.av-lmhf4sia-bfefa873073059dc500a149ba378c0d2 .av-special-heading-tag .heading-char{\nfont-size:25px;\n}\n.av-special-heading.av-lmhf4sia-bfefa873073059dc500a149ba378c0d2 .av-subheading{\nfont-size:15px;\n}\n<\/style>\n<div  class='av-special-heading av-lmhf4sia-bfefa873073059dc500a149ba378c0d2 av-special-heading-h1 blockquote modern-quote  avia-builder-el-1  el_before_av_textblock  avia-builder-el-first '><h1 class='av-special-heading-tag'  itemprop=\"headline\"  >Schwimmen<\/h1><div class=\"special-heading-border\"><div class=\"special-heading-inner-border\"><\/div><\/div><\/div><br \/>\n<section  class='av_textblock_section av-lmhf5jxa-270b5945284dc8bcafe8bb7f97ab7d2a '   itemscope=\"itemscope\" itemtype=\"https:\/\/schema.org\/CreativeWork\" ><div class='avia_textblock'  itemprop=\"text\" ><p>Unser Badeplatz liegt 900 Meter von unseren H\u00e4usern entfernt. Es handelt sich um eine gesch\u00fctzte Bucht, daher ist die Wassertemperatur immer etwas h\u00f6her.<\/p>\n<p>Sie k\u00f6nnen vom Steg aus schwimmen oder f\u00fcr die Kleinen vom Ufer aus waten.<\/p>\n<p>Es macht auch Spa\u00df, Krabben zu fangen und dann mit einem traditionellen Krabbenrennen zur\u00fcck ins Wasser zu setzen.<\/p>\n<p>Sie k\u00f6nnen auch im seichten Wasser vom Steg in Stuver\u00f6d schwimmen.<\/p>\n<p>Alle f\u00fcnf Gemeinden auf Skaft\u00f6 verf\u00fcgen \u00fcber gut gepflegte \u00f6ffentliche Badepl\u00e4tze, wobei Fiskeb\u00e4ckskil und R\u00e5g\u00e5dsvik die besten Optionen von Stuver\u00f6d aus sind.<\/p>\n<\/div><\/section><br \/>\n\n<style type=\"text\/css\" data-created_by=\"avia_inline_auto\" id=\"style-css-av-lmhf75hm-f59a4f776c2b31b172e1604bf2f6fc05\">\n#top .hr.hr-invisible.av-lmhf75hm-f59a4f776c2b31b172e1604bf2f6fc05{\nheight:20px;\n}\n<\/style>\n<div  class='hr av-lmhf75hm-f59a4f776c2b31b172e1604bf2f6fc05 hr-invisible  avia-builder-el-3  el_after_av_textblock  el_before_av_button '><span class='hr-inner '><span class=\"hr-inner-style\"><\/span><\/span><\/div><br \/>\n<div  class='avia-button-wrap av-lmhf6x3l-0c5ed3954aa39fedbaaa6c04f033c7e6-wrap avia-button-left  avia-builder-el-4  el_after_av_hr  avia-builder-el-last '><a href='https:\/\/skafto.com\/section.php?c=3' class='avia-button av-lmhf6x3l-0c5ed3954aa39fedbaaa6c04f033c7e6 avia-icon_select-no avia-size-large avia-position-left avia-color-theme-color' target=\"_blank\" rel=\"noopener noreferrer\"><span class='avia_iconbox_title' >Weitere Badepl\u00e4tze (skafto.com)<\/span><\/a><\/div><\/p><\/div><div  class='flex_column av-84mtv-b62c3e3a8cceaca60de1d8f177f9dccc av_one_full  avia-builder-el-5  el_after_av_one_full  avia-builder-el-last  first flex_column_div  column-top-margin'     ><style type=\"text\/css\" data-created_by=\"avia_inline_auto\" id=\"style-css-av-lmhf7lt5-8926fcc971cfd3382727275a5d929676\">\n.avia-image-container.av-lmhf7lt5-8926fcc971cfd3382727275a5d929676 img.avia_image{\nbox-shadow:none;\n}\n.avia-image-container.av-lmhf7lt5-8926fcc971cfd3382727275a5d929676 .av-image-caption-overlay-center{\ncolor:#ffffff;\n}\n<\/style>\n<div  class='avia-image-container av-lmhf7lt5-8926fcc971cfd3382727275a5d929676 av-styling- avia-align-center  avia-builder-el-6  avia-builder-el-no-sibling '   itemprop=\"image\" itemscope=\"itemscope\" itemtype=\"https:\/\/schema.org\/ImageObject\" ><div class=\"avia-image-container-inner\"><div class=\"avia-image-overlay-wrap\"><img decoding=\"async\" class='wp-image-276 avia-img-lazy-loading-not-276 avia_image ' src=\"https:\/\/www.arita.se\/wp-content\/uploads\/2023\/09\/Bryggorn.jpg\" alt='' title='Bryggorn'  height=\"576\" width=\"1024\"  itemprop=\"thumbnailUrl\" srcset=\"https:\/\/www.arita.se\/wp-content\/uploads\/2023\/09\/Bryggorn.jpg 1024w, https:\/\/www.arita.se\/wp-content\/uploads\/2023\/09\/Bryggorn-300x169.jpg 300w, https:\/\/www.arita.se\/wp-content\/uploads\/2023\/09\/Bryggorn-768x432.jpg 768w, https:\/\/www.arita.se\/wp-content\/uploads\/2023\/09\/Bryggorn-705x397.jpg 705w\" sizes=\"(max-width: 1024px) 100vw, 1024px\" \/><\/div><\/div><\/div><\/div><\/p>\n","protected":false},"excerpt":{"rendered":"","protected":false},"author":1,"featured_media":0,"parent":381,"menu_order":0,"comment_status":"closed","ping_status":"closed","template":"","meta":{"footnotes":""},"class_list":["post-393","page","type-page","status-publish","hentry"],"_links":{"self":[{"href":"https:\/\/www.arita.se\/de\/wp-json\/wp\/v2\/pages\/393","targetHints":{"allow":["GET"]}}],"collection":[{"href":"https:\/\/www.arita.se\/de\/wp-json\/wp\/v2\/pages"}],"about":[{"href":"https:\/\/www.arita.se\/de\/wp-json\/wp\/v2\/types\/page"}],"author":[{"embeddable":true,"href":"https:\/\/www.arita.se\/de\/wp-json\/wp\/v2\/users\/1"}],"replies":[{"embeddable":true,"href":"https:\/\/www.arita.se\/de\/wp-json\/wp\/v2\/comments?post=393"}],"version-history":[{"count":3,"href":"https:\/\/www.arita.se\/de\/wp-json\/wp\/v2\/pages\/393\/revisions"}],"predecessor-version":[{"id":559,"href":"https:\/\/www.arita.se\/de\/wp-json\/wp\/v2\/pages\/393\/revisions\/559"}],"up":[{"embeddable":true,"href":"https:\/\/www.arita.se\/de\/wp-json\/wp\/v2\/pages\/381"}],"wp:attachment":[{"href":"https:\/\/www.arita.se\/de\/wp-json\/wp\/v2\/media?parent=393"}],"curies":[{"name":"wp","href":"https:\/\/api.w.org\/{rel}","templated":true}]}}